{"id":2969,"date":"2024-01-26T17:35:27","date_gmt":"2024-01-26T16:35:27","guid":{"rendered":"https:\/\/stami.no\/en\/?page_id=2969"},"modified":"2024-02-13T15:40:26","modified_gmt":"2024-02-13T14:40:26","slug":"systematic-reviews","status":"publish","type":"page","link":"https:\/\/stami.no\/en\/research\/systematic-reviews\/","title":{"rendered":"Systematic Reviews"},"content":{"rendered":"<div class=\"content-entry intro-text-container\">\n\t\n\n<p class=\"lead\">STAMI summarises and assesses research on associations between the working environment, sick leave and withdrawal from working life. This creates a solid foundation for advice to improve the working environment in Norwegian workplaces.<\/p>\n\n\n<\/div>\n\n\n\n<h2 class=\"wp-block-heading\">2023:<\/h2>\n\n\n\n<p>Braakhuis, H. M., Gremmer, E. R., Bannuscher, A., Drasler, B., Keshavan, S., Rothen-Rutishauser, B., . . . Vandebriel, R. J. (2023). Transferability and reproducibility of exposed air-liquid interface co-culture lung models. <em>NanoImpact, 31<\/em>. doi: <a href=\"https:\/\/doi.org\/10.1016\/j.impact.2023.100466\">https:\/\/doi.org\/10.1016\/j.impact.2023.100466<\/a><\/p>\n\n\n\n<p>Verscheure, E., Stierum, R., Schl\u00fcnssen, V., W\u00fcrtz, A. M. L., Vanneste, D., Kogevinas, M., . . . Ghosh, M. (2023). Characterization of the internal working-life exposome using minimally and non-invasive sampling methods &#8211; a narrative review. <em>Environmental Research, 238<\/em>. doi: <a href=\"https:\/\/doi.org\/10.1016\/j.envres.2023.117001\">https:\/\/doi.org\/10.1016\/j.envres.2023.117001<\/a><br><\/p>\n\n\n\n<h2 class=\"wp-block-heading\">2022:<\/h2>\n\n\n\n<p>Holme, J. A., Valen, H., Brinchmann, B. C., Vist, G. E., Grimsrud, T. K., Becher, R., . . . Alexander, J. (2022). Polycyclic aromatic hydrocarbons (PAHs) may explain the paradoxical effects of cigarette use on preeclampsia (PE). <em>Toxicology, 473<\/em>, 11. doi: <a href=\"https:\/\/doi.org\/10.1016\/j.tox.2022.153206\">https:\/\/doi.org\/10.1016\/j.tox.2022.153206<\/a><\/p>\n\n\n\n<p>Lunde, L.-K., Fl\u00f8vik, L., Christensen, J. O., Johannessen, H. A., Finne, L. B., Vleeshouwers, J., . . . Mohr, B. (2022). The relationship between telework from home and employee health. A systematic review. <em>BMC Public Health<\/em>. doi: <a href=\"https:\/\/doi.org\/10.1186\/s12889-021-12481-2\">https:\/\/doi.org\/10.1186\/s12889-021-12481-2<\/a><\/p>\n\n\n\n<p>Mijakoski, D., Cheptea, D., Marca, S. C., Shoman, Y., Caglayan, C., Bugge, M. D., . . . Canu, I. G. (2022). Determinants of Burnout among Teachers: A Systematic Review of Longitudinal Studies. <em>International Journal of Environmental Research and Public Health (IJERPH), 19<\/em>(9). doi: <a href=\"https:\/\/doi.org\/10.3390\/ijerph19095776\">https:\/\/doi.org\/10.3390\/ijerph19095776<\/a><\/p>\n\n\n\n<p>Ramsperger, A. F. R. M., Bergamaschi, E., Panizzolo, M., Fenoglio, I., Barbero, F., Peters, R., . . . Laforsch, C. (2022). Nano- and microplastics: a comprehensive review on their exposure routes, translocation, and fate in humans. <em>NanoImpact<\/em>. doi: <a href=\"https:\/\/doi.org\/10.1016\/j.impact.2022.100441\">https:\/\/doi.org\/10.1016\/j.impact.2022.100441<\/a><\/p>\n\n\n\n<p>Sunde, E., Harris, A. K., Nielsen, M. B., Bjorvatn, B., Lie, S. A., Holmelid, \u00d8., . . . Pallesen, S. (2022). Protocol for a systematic review and meta-analysis on the associations between shift work and sickness absence. <em>Systematic Reviews, 11<\/em>, 9. doi: <a href=\"https:\/\/doi.org\/10.1186\/s13643-022-02020-4\">https:\/\/doi.org\/10.1186\/s13643-022-02020-4<\/a><\/p>\n\n\n\n<p>Vleeshouwers, J., Fl\u00f8vik, L., Christensen, J. O., Johannessen, H. A., Finne, L. B., Mohr, B., . . . Lunde, L.-K. (2022). The relationship between telework from home and the psychosocial work environment: a systematic review. <em>International Archives of Occupational and Environmental Health, 95<\/em>(10), 2025-2051. doi: <a href=\"https:\/\/doi.org\/10.1007\/s00420-022-01901-4\">https:\/\/doi.org\/10.1007\/s00420-022-01901-4<\/a><br><\/p>\n\n\n\n<h2 class=\"wp-block-heading\">2021:<\/h2>\n\n\n\n<p>Canu, I. G., Marca, S. C., Dell&#8217;Oro, F., Bal\u00e1zs, \u00c1., Bergamaschi, E., Besse, C., . . . Wahlen, A. (2021). Harmonized definition of occupational burnout. A systematic review, semantic analysis and Delphi consensus in 29 countries. <em>Scandinavian Journal of Work, Environment and Health, 47<\/em>(2), 95-107. doi: <a href=\"https:\/\/doi.org\/10.5271%2Fsjweh.3935\">https:\/\/doi.org\/10.5271%2Fsjweh.3935<\/a><\/p>\n\n\n\n<p>Madsen, A. M., Raulf, M., Duquenne, P., Graff, P., Cyprowski, M., Beswick, A., . . . Crook, B. (2021). Review of biological risks associated with the collection of municipal wastes. <em>Science of the Total Environment, 791<\/em>. doi: <a href=\"https:\/\/doi.org\/10.1016\/j.scitotenv.2021.148287\">https:\/\/doi.org\/10.1016\/j.scitotenv.2021.148287<\/a><\/p>\n\n\n\n<p>Matre, D., Skogstad, M., Sterud, T., Nordby, K.-C., Knardahl, S., Christensen, J. O., &amp; Lie, J.-A. S. (2021). Safety incidents associated with extended working hours. A systematic review and meta-analysis. <em>Scandinavian Journal of Work, Environment and Health, 47<\/em>(6), 415-424. doi: <a href=\"https:\/\/doi.org\/10.5271%2Fsjweh.3958\">https:\/\/doi.org\/10.5271%2Fsjweh.3958<\/a><\/p>\n\n\n\n<p>Shoman, Y., El May, E., Marca, S. C., Wild, P., Bianchi, R., Bugge, M. D., . . . Canu, I. G. (2021). Predictors of Occupational Burnout. A Systematic Review. <em>International Journal of Environmental Research and Public Health (IJERPH), 18<\/em>(17). doi: <a href=\"https:\/\/doi.org\/10.3390\/ijerph18179188\">https:\/\/doi.org\/10.3390\/ijerph18179188<\/a><br><\/p>\n\n\n\n<h2 class=\"wp-block-heading\">2020:<\/h2>\n\n\n\n<p>Holme, J. A., \u00d8ya, E., Afanou, K. A., \u00d8vrevik, J., &amp; Wijnand, E. (2020). Characterization and pro\u2010inflammatory potential of indoor mold particles. <em>Indoor Air, 30<\/em>(4), 662-681. doi: <a href=\"https:\/\/doi.org\/10.1111\/ina.12656\">https:\/\/doi.org\/10.1111\/ina.12656<\/a><\/p>\n\n\n\n<p>Korobitsyna, R., Aksenov, A., Sorokina, T., Trofimova, A., Sobolev, N., Grjibovski, A., . . . Thomassen, Y. (2020). Iodine Status of Women and Infants in Russia: A Systematic Review. <em>International Journal of Environmental Research and Public Health (IJERPH), 17<\/em>(22). doi: <a href=\"https:\/\/doi.org\/10.3390\/ijerph17228346\">https:\/\/doi.org\/10.3390\/ijerph17228346<\/a><\/p>\n\n\n\n<p>Nielsen, M. B., Harris, A., Pallesen, S., &amp; Einarsen, S. V. (2020). Workplace bullying and sleep &#8211; A systematic review and meta-analysis of the research literature. <em>Sleep Medicine Reviews, 51:101289<\/em>, 12. doi:<a href=\"http:\/\/dx.doi.org10.1016\/j.smrv.2020.101289\">http:\/\/dx.doi.org10.1016\/j.smrv.2020.101289<\/a><\/p>\n\n\n\n<p>W\u00e6rsted, M., Koch, M., &amp; Veiersted, K. B. (2020). Work above shoulder level and shoulder complaints: a systematic review. <em>International Archives of Occupational and Environmental Health, 93<\/em>, 925-954. doi: <a href=\"https:\/\/doi.org\/10.1016\/j.smrv.2020.101289\">https:\/\/doi.org\/10.1016\/j.smrv.2020.101289<\/a><\/p>\n\n\n\n<h2 class=\"wp-block-heading\">2019:<\/h2>\n\n\n\n<p>Giusti, A., Atluri, R., Tsekovska, R., Gajewicz, A., Apostolova, M., Battistelli, C. L., . . . Haase, A. (2019). Nanomaterial grouping: Existing approaches and future recommendations. <em>NanoImpact, 16:100182<\/em>, 1-18. doi: <a href=\"https:\/\/doi.org\/10.1016\/j.impact.2019.100182\">https:\/\/doi.org\/10.1016\/j.impact.2019.100182<\/a><\/p>\n\n\n\n<p>Mech, A., Rasmussen, K., Jantunen, P., Aicher, L., Alessandrelli, M., Bernauer, U., . . . Apostolova, M. D. (2019). Insights into possibilities for grouping and read-across for nanomaterials in EU chemicals legislation. <em>Nanotoxicology, 13<\/em>(1), 119-141. doi: <a href=\"https:\/\/doi.org\/10.1080\/17435390.2018.1513092\">https:\/\/doi.org\/10.1080\/17435390.2018.1513092<\/a><\/p>\n\n\n\n<h2 class=\"wp-block-heading\"><br>2018:<\/h2>\n\n\n\n<p>Hanvold, T. N., Kines, P., Nyk\u00e4nen, M., Thom\u00e8e, S., Holte, K. A., Vuori, J., . . . Veiersted, K. B. (2018). Occupational safety and health among young workers in the Nordic countries: A systematic literature review. <em>SH@W Safety and Health at Work, 10<\/em>(1), 3-20. doi: <a href=\"https:\/\/doi.org\/10.1016\/j.shaw.2018.12.003\">https:\/\/doi.org\/10.1016\/j.shaw.2018.12.003<\/a><\/p>\n\n\n\n<p>Nielsen, M. B., &amp; Einarsen, S. (2018). What we know, what we do not know, and what we should and could have known about workplace bullying. An overview of the literature and agenda for future research. <em>Aggression and Violent Behavior, 42<\/em>, 71-83. doi: <a href=\"https:\/\/doi.org\/10.1016\/j.avb.2018.06.007\">https:\/\/doi.org\/10.1016\/j.avb.2018.06.007<\/a><\/p>\n\n\n\n<p>Sterud, T., Tynes, T., Mehlum, I. S., Veiersted, K. B., Bergbom, B., Airila, A., . . . Flyvholm, M.-A. (2018). A systematic review of working conditions and occupational health among immigrants in Europe and Canada. <em>BMC Public Health, 18:770<\/em>, 1-15. doi: <a href=\"https:\/\/doi.org\/10.1186\/s12889-018-5703-3\">https:\/\/doi.org\/10.1186\/s12889-018-5703-3<\/a><\/p>\n\n\n\n<p>Visted, E., V\u00f8llestad, J., Nielsen, M. B., &amp; Schanche, E. (2018). Emotion regulation in current and remitted depression: A systematic review and meta-analysis. <em>Frontiers in Psychology, 9:756<\/em>, 20. doi: <a href=\"https:\/\/doi.org\/10.3389\/fpsyg.2018.00756\">https:\/\/doi.org\/10.3389\/fpsyg.2018.00756<\/a><\/p>\n\n\n\n<h2 class=\"wp-block-heading\">2017:<\/h2>\n\n\n\n<p>Fell, A. K. M., &amp; Nordby, K.-C. (2017). Association between exposure in the cement production industry and non-malignant respiratory effects: A systematic review. <em>BMJ Open, 7<\/em>(4). doi: <a href=\"https:\/\/doi.org\/10.1136%2Fbmjopen-2016-012381\">https:\/\/doi.org\/10.1136%2Fbmjopen-2016-012381<\/a><\/p>\n\n\n\n<p>Nielsen, K., Nielsen, M. B., Ogbonnaya, C., K\u00e4ns\u00e4l\u00e4, M., Saari, E., &amp; Isaksson, K. (2017). Workplace resources to improve both employee well-being and performance: A systematic review and meta-analysis. <em>Work &amp; Stress, 31<\/em>(2), 101-120. doi: <a href=\"https:\/\/doi.org\/10.1080\/02678373.2017.1304463\">https:\/\/doi.org\/10.1080\/02678373.2017.1304463<\/a><\/p>\n\n\n\n<p>Nielsen, M. B., Glas\u00f8, L., &amp; Einarsen, S. (2017). Exposure to workplace harassment and the Five Factor Model of personality: A meta-analysis. <em>Personality and Individual Differences, 104<\/em>, 195-206. doi: <a href=\"https:\/\/doi.org\/10.1016\/j.paid.2016.08.015\">https:\/\/doi.org\/10.1016\/j.paid.2016.08.015<\/a><br><\/p>\n\n\n\n<h2 class=\"wp-block-heading\">2016:<\/h2>\n\n\n\n<p>Nielsen, M. B., Indregard, A.-M. R., &amp; \u00d8verland, S. N. (2016). Workplace bullying and sickness absence: A systematic review and meta-analysis of the research literature. <em>Scandinavian Journal of Work, Environment and Health, 42<\/em>(5), 359-370. doi: <a href=\"https:\/\/doi.org\/10.5271\/sjweh.3579\">https:\/\/doi.org\/10.5271\/sjweh.3579<\/a><\/p>\n\n\n\n<p>Raulf, M., Buters, J. T. M., Chapman, M. D., Cecchi, L., De Blay, F., Doekes, G., . . . Annesi-Maesano, I. I. (2016). Allergenexposition. Wie kann man Inhalationsallergene an Arbeitspl\u00e4tzen und in der Umwelt messen? Zusammenfassung des &#8220;EAACI Positionspapier&#8221; zum Allergenmonitoring. <em>Allergologie, 39<\/em>(2), 45-68. doi: <a href=\"https:\/\/doi.org\/10.5414\/ALX01812\">https:\/\/doi.org\/10.5414\/ALX01812<\/a><\/p>\n\n\n\n<p>Skogstad, M., Johannessen, H. A., Tynes, T., Mehlum, I. S., Nordby, K.-C., &amp; Lie, A. (2016). Systematic review of the cardiovascular effects of occupational noise. <em>Occupational Medicine, 66<\/em>(1), 10-16. doi: <a href=\"https:\/\/doi.org\/10.1093\/occmed\/kqv148\">https:\/\/doi.org\/10.1093\/occmed\/kqv148<\/a><\/p>\n\n\n\n<p>Storm, M. L., Sheng, X., Arnoldussen, Y. J., &amp; Saatcioglu, F. (2016). Prostate cancer and the unfolded protein response. <em>OncoTarget, 7<\/em>(33), 54051-54066. doi: <a href=\"https:\/\/doi.org\/10.18632%2Foncotarget.9912\">https:\/\/doi.org\/10.18632%2Foncotarget.9912<\/a><br><\/p>\n\n\n\n<h2 class=\"wp-block-heading\">2015:<\/h2>\n\n\n\n<p>Chen, L.-S., Hung, R. J., Baker, T. B., Horton, A., Culverhouse, R., Saccone, N., . . . Bierut, L. J. (2015). CHRNA5 risk variant predicts delayed smoking cessation and earlier lung cancer diagnosis\u2014A meta-analysis. <em>Journal of the National Cancer Institute, 107<\/em>(5). doi: <a href=\"https:\/\/doi.org\/10.1093\/jnci\/djv100\">https:\/\/doi.org\/10.1093\/jnci\/djv100<\/a><br><\/p>\n\n\n\n<p>Nielsen, M. B., Tangen, T., Ids\u00f8e, T., Matthiesen, S. B., &amp; Mager\u00f8y, N. (2015). Post-traumatic stress disorder as a consequence of bullying at work and at school. A literature review and meta-analysis. <em>Aggression and Violent Behavior, 21<\/em>, 17-24. doi: <a href=\"https:\/\/doi.org\/10.1016\/j.avb.2015.01.001\">https:\/\/doi.org\/10.1016\/j.avb.2015.01.001<\/a><\/p>\n\n\n\n<p>Visted, E., V\u00f8llestad, J., Nielsen, M. B., &amp; Nielsen, G. H. (2015). The Impact of Group-Based Mindfulness Training on Self-Reported Mindfulness: a Systematic Review and Meta-analysis. <em>Mindfulness, 6<\/em>(3), 501-522. doi: <a href=\"https:\/\/doi.org\/10.1007\/s12671-014-0283-5\">https:\/\/doi.org\/10.1007\/s12671-014-0283-5<\/a><\/p>\n\n\n\n<h2 class=\"wp-block-heading\">2013:<\/h2>\n\n\n\n<p>Meyer-Baron, M., Sch\u00e4per, M., Knapp, G., Lucchini, R., Zoni, S., Bast-Pettersen, R., . . . van Thriel, C. (2013). The neurobehavioral impact of manganese: Results and challenges obtained by a meta-analysis of individual participant data. <em>Neurotoxicology, 36<\/em>, 1-9. doi: <a href=\"https:\/\/doi.org\/10.1016\/j.neuro.2013.02.003\">https:\/\/doi.org\/10.1016\/j.neuro.2013.02.003<\/a><\/p>\n\n\n\n<p>Skogstad, M., Skorstad, M. H., Lie, A., Conradi, H. S., Heir, T., &amp; Weis\u00e6th, L. (2013). Work-related post-traumatic stress disorder. <em>Occupational Medicine, 63<\/em>(3), 175-182. doi: <a href=\"https:\/\/doi.org\/10.1093\/occmed\/kqt003\">https:\/\/doi.org\/10.1093\/occmed\/kqt003<\/a><\/p>\n\n\n\n<p>S\u00f8yseth, V., Johnsen, H. L., &amp; Kongerud, J. (2013). Respiratory hazards of metal smelting. <em>Current opinion in pulmonary medicine, 19<\/em>(2), 158-162. doi: <a href=\"https:\/\/doi.org\/10.1097\/mcp.0b013e32835ceeae\">https:\/\/doi.org\/10.1097\/mcp.0b013e32835ceeae<\/a><\/p>\n\n\n\n<h2 class=\"wp-block-heading\">2012:<\/h2>\n\n\n\n<p>Djurhuus, R., Nossum, V., \u00d8vreb\u00f8, S., &amp; Skaug, V. (2012). Proposal on limits for chemical exposure in saturation divers\u2019 working atmosphere: the case of benzene. <em>Critical Reviews in Toxicology, 42<\/em>(3), 211-229. doi: <a href=\"https:\/\/doi.org\/10.3109\/10408444.2011.650791\">https:\/\/doi.org\/10.3109\/10408444.2011.650791<\/a><\/p>\n","protected":false},"excerpt":{"rendered":"<p>2023: Braakhuis, H. M., Gremmer, E. R., Bannuscher, A., Drasler, B., Keshavan, S., Rothen-Rutishauser, B., [&hellip;]<\/p>\n","protected":false},"author":2,"featured_media":0,"parent":2301,"menu_order":0,"comment_status":"closed","ping_status":"closed","template":"","meta":{"show_date_option_selector":"no_date","footnotes":""},"class_list":["post-2969","page","type-page","status-publish","hentry"],"acf":[],"_links":{"self":[{"href":"https:\/\/stami.no\/en\/wp-json\/wp\/v2\/pages\/2969","targetHints":{"allow":["GET"]}}],"collection":[{"href":"https:\/\/stami.no\/en\/wp-json\/wp\/v2\/pages"}],"about":[{"href":"https:\/\/stami.no\/en\/wp-json\/wp\/v2\/types\/page"}],"author":[{"embeddable":true,"href":"https:\/\/stami.no\/en\/wp-json\/wp\/v2\/users\/2"}],"replies":[{"embeddable":true,"href":"https:\/\/stami.no\/en\/wp-json\/wp\/v2\/comments?post=2969"}],"version-history":[{"count":0,"href":"https:\/\/stami.no\/en\/wp-json\/wp\/v2\/pages\/2969\/revisions"}],"up":[{"embeddable":true,"href":"https:\/\/stami.no\/en\/wp-json\/wp\/v2\/pages\/2301"}],"wp:attachment":[{"href":"https:\/\/stami.no\/en\/wp-json\/wp\/v2\/media?parent=2969"}],"curies":[{"name":"wp","href":"https:\/\/api.w.org\/{rel}","templated":true}]}}